{"id":3218,"date":"2021-04-11T21:00:24","date_gmt":"2021-04-11T19:00:24","guid":{"rendered":"https:\/\/www.dyos.fr\/?page_id=3218"},"modified":"2021-04-11T21:00:24","modified_gmt":"2021-04-11T19:00:24","slug":"conditions-generales-utilisation","status":"publish","type":"page","link":"https:\/\/www.dyos.fr\/en\/conditions-generales-utilisation\/","title":{"rendered":"conditions-generales-utilisation"},"content":{"rendered":"<p>[et_pb_section fb_built=\u00a0\u00bb1&Prime; _builder_version=\u00a0\u00bb4.9.3&Prime; _module_preset=\u00a0\u00bbdefault\u00a0\u00bb][et_pb_row _builder_version=\u00a0\u00bb4.9.3&Prime; _module_preset=\u00a0\u00bbdefault\u00a0\u00bb][et_pb_column _builder_version=\u00a0\u00bb4.9.3&Prime; _module_preset=\u00a0\u00bbdefault\u00a0\u00bb type=\u00a0\u00bb4_4&Prime;][et_pb_text _builder_version=\u00a0\u00bb4.9.3&Prime; _module_preset=\u00a0\u00bbdefault\u00a0\u00bb hover_enabled=\u00a0\u00bb0&Prime; sticky_enabled=\u00a0\u00bb0&Prime;]<\/p>\n<p style=\"text-align: center;\"><strong>MENTIONS LEGALES<\/strong><\/p>\n<p style=\"text-align: center;\"><strong>&#8211;<\/strong><\/p>\n<p style=\"text-align: center;\"><strong>CONDITIONS GENERALES D\u2019UTILISATION DU SITE INTERNET<\/strong><\/p>\n<p>&nbsp;<\/p>\n<p>Les pr\u00e9sentes conditions g\u00e9n\u00e9rales d\u2019utilisation (les \u00ab\u00a0<strong>CGU<\/strong>\u00a0\u00bb) ont pour objet de d\u00e9finir et d\u2019encadrer les conditions, modalit\u00e9s et limites d\u2019acc\u00e8s et d\u2019utilisation au site Internet <a href=\"https:\/\/www.dyos.fr\/en\/\">www.dyos.fr<\/a> (le \u00ab\u00a0<strong>Site Internet<\/strong>\u00a0\u00bb) par tout utilisateur (le ou les \u00ab\u00a0<strong>Utilisateur(s)<\/strong>\u00a0\u00bb).<\/p>\n<p>&nbsp;<\/p>\n<p>Le Site Internet a pour objet de pr\u00e9senter et proposer \u00e0 la vente les produits de la soci\u00e9t\u00e9 SUD METAL DECO (\u00ab\u00a0<strong>SMD<\/strong>\u00a0\u00bb).<\/p>\n<p>&nbsp;<\/p>\n<p>Les CGU sont disponibles \u00e0 tout moment dans un onglet sp\u00e9cial et d\u00e9di\u00e9 figurant sur le Site Internet. Tout acc\u00e8s et toute utilisation du Site Internet par l\u2019Utilisateur entra\u00eene l\u2019acceptation sans r\u00e9serve des CGU.<\/p>\n<p>&nbsp;<\/p>\n<p>SMD se r\u00e9serve le droit de modifier, \u00e0 tout moment et sans pr\u00e9avis, les pr\u00e9sentes CGU, notamment pour s\u2019adapter aux \u00e9volutions du Site Internet et\/ou \u00e0 toute r\u00e9glementation applicable. L\u2019Utilisateur est invit\u00e9 \u00e0 se r\u00e9f\u00e9rer \u00e0 la derni\u00e8re version en vigueur des CGU lors de tout acc\u00e8s et navigation sur le Site Internet.<\/p>\n<p>&nbsp;<\/p>\n<ol>\n<li><strong> <\/strong><strong><u>Mentions L\u00e9gales<\/u><\/strong><\/li>\n<\/ol>\n<p>&nbsp;<\/p>\n<p>Le Site Internet est \u00e9dit\u00e9 par SMD dont l\u2019ensemble des informations et coordonn\u00e9es sont indiqu\u00e9es ci-apr\u00e8s, conform\u00e9ment \u00e0 l\u2019article 6 de la Loi n\u00b02004-575 du 21 juin 2004 pour la confiance dans l\u2019\u00e9conomie num\u00e9rique\u00a0:<\/p>\n<p>&nbsp;<\/p>\n<table>\n<tbody>\n<tr>\n<td width=\"234\">\n<p>\u00b7\u00a0\u00a0\u00a0\u00a0\u00a0\u00a0\u00a0 <u>Site Internet<\/u>\u00a0:<\/p>\n<\/td>\n<td width=\"380\">\n<p>www.dyos.fr<\/p>\n<p>&nbsp;<\/p>\n<\/td>\n<\/tr>\n<tr>\n<td width=\"234\">\n<p>\u00b7\u00a0\u00a0\u00a0\u00a0\u00a0\u00a0\u00a0 <u>Nom et forme de la soci\u00e9t\u00e9<\/u>\u00a0:<\/p>\n<\/td>\n<td width=\"380\">\n<p>SUD METAL DECO \u2013 Soci\u00e9t\u00e9 par actions simplifi\u00e9e \u00e0 associ\u00e9 unique<\/p>\n<p>&nbsp;<\/p>\n<\/td>\n<\/tr>\n<tr>\n<td width=\"234\">\n<p>\u00b7\u00a0\u00a0\u00a0\u00a0\u00a0\u00a0\u00a0 <u>Capital social<\/u>\u00a0:<\/p>\n<\/td>\n<td width=\"380\">\n<p>5.000 \u20ac<\/p>\n<p>&nbsp;<\/p>\n<\/td>\n<\/tr>\n<tr>\n<td width=\"234\">\n<p>\u00b7\u00a0\u00a0\u00a0\u00a0\u00a0\u00a0\u00a0 <u>Num\u00e9ro RCS \/ SIRET<\/u>\u00a0:<\/p>\n<\/td>\n<td width=\"380\">\n<p>853\u00a0237 766 RCS MARSEILLE<\/p>\n<p>&nbsp;<\/p>\n<\/td>\n<\/tr>\n<tr>\n<td width=\"234\">\n<p>\u00b7\u00a0\u00a0\u00a0\u00a0\u00a0\u00a0\u00a0 <u>Num\u00e9ro TVA<\/u>\u00a0:<\/p>\n<\/td>\n<td width=\"380\">\n<p>FR 1853237766<\/p>\n<p>&nbsp;<\/p>\n<\/td>\n<\/tr>\n<tr>\n<td width=\"234\">\n<p>\u00b7\u00a0\u00a0\u00a0\u00a0\u00a0\u00a0\u00a0 <u>Si\u00e8ge social<\/u>\u00a0:<\/p>\n<\/td>\n<td width=\"380\">\n<p>535 Chemin Notre Dame des Anges \u2013 13190 ALLAUCH<\/p>\n<p>&nbsp;<\/p>\n<\/td>\n<\/tr>\n<tr>\n<td width=\"234\">\n<p>\u00b7\u00a0\u00a0\u00a0\u00a0\u00a0\u00a0\u00a0 <u>Num\u00e9ro de t\u00e9l\u00e9phone<\/u>\u00a0:<\/p>\n<\/td>\n<td width=\"380\">\n<p>06 46 87 44 91<\/p>\n<p>&nbsp;<\/p>\n<\/td>\n<\/tr>\n<tr>\n<td width=\"234\">\n<p>\u00b7\u00a0\u00a0\u00a0\u00a0\u00a0\u00a0\u00a0 <u>E-mail address<\/u>\u00a0:<\/p>\n<\/td>\n<td width=\"380\">\n<p>contact@dyos.fr<\/p>\n<p>&nbsp;<\/p>\n<\/td>\n<\/tr>\n<tr>\n<td width=\"234\">\n<p>\u00b7\u00a0\u00a0\u00a0\u00a0\u00a0\u00a0\u00a0 <u>Directeur de publication<\/u>\u00a0:<\/p>\n<\/td>\n<td width=\"380\">\n<p>Monsieur Yannick PERRIER<\/p>\n<p>&nbsp;<\/p>\n<\/td>\n<\/tr>\n<tr>\n<td width=\"234\">\n<p>\u00b7\u00a0\u00a0\u00a0\u00a0\u00a0\u00a0\u00a0 <u>H\u00e9bergeur<\/u>\u00a0:<\/p>\n<\/td>\n<td width=\"380\">\n<p>OVH<\/p>\n<p>&nbsp;<\/p>\n<\/td>\n<\/tr>\n<\/tbody>\n<\/table>\n<p>Pour toute question ou demande d\u2019information concernant le Site Internet, l\u2019Utilisateur peut contacter SMD par e-mail ou par courrier postal selon les coordonn\u00e9es vis\u00e9es ci-dessus.<\/p>\n<p>&nbsp;<\/p>\n<ol start=\"2\">\n<li><strong> <\/strong><strong><u>Acc\u00e8s et Navigation<\/u><\/strong><\/li>\n<\/ol>\n<p>&nbsp;<\/p>\n<p>SMD met en \u0153uvre toutes les solutions techniques \u00e0 sa disposition pour permettre un acc\u00e8s permanent et une navigation optimale sur le Site Internet, sans toutefois \u00eatre tenue \u00e0 une obligation de r\u00e9sultat \u00e0 ce titre.<\/p>\n<p><strong><u>\u00a0<\/u><\/strong><\/p>\n<p>En particulier, l\u2019Utilisateur est inform\u00e9 que l\u2019acc\u00e8s et\/ou la navigation sur le Site Internet peuvent \u00eatre suspendus, limit\u00e9s et\/ou interrompus, sans responsabilit\u00e9 pour SMD\u00a0:<\/p>\n<p>&nbsp;<\/p>\n<ul>\n<li>en cas de maintenance corrective, maintenance \u00e9volutive, mises \u00e0 jour, modifications de contenu, rendus n\u00e9cessaires pour le bon fonctionnement du Site Internet\u00a0;<\/li>\n<\/ul>\n<p>&nbsp;<\/p>\n<ul>\n<li>en cas de dysfonctionnements et\/ou d\u2019anomalies imputables au r\u00e9seau Internet, \u00e0 la connexion et\/ou aux \u00e9quipements informatiques utilis\u00e9s par l\u2019Utilisateur\u00a0et plac\u00e9s sous sa responsabilit\u00e9 ;<\/li>\n<\/ul>\n<p>&nbsp;<\/p>\n<ul>\n<li>en cas d\u2019intrusion frauduleuse de tout tiers et\/ou tout virus dans les r\u00e9seaux, connexions et \u00e9quipements informatiques utilis\u00e9s par l\u2019Utilisateur et plac\u00e9s sous sa responsabilit\u00e9\u00a0;<\/li>\n<\/ul>\n<p>&nbsp;<\/p>\n<ul>\n<li>en cas d\u2019\u00e9v\u00e8nement de force majeure ou de tout autre \u00e9v\u00e8nement plac\u00e9 en dehors du contr\u00f4le de SMD\u00a0;<\/li>\n<\/ul>\n<p>&nbsp;<\/p>\n<ul>\n<li>pour toute autre raison et\/ou action jug\u00e9e utile et n\u00e9cessaire par SMD pour le bon fonctionnement du Site Internet.<\/li>\n<\/ul>\n<p>&nbsp;<\/p>\n<p>L\u2019Utilisateur doit, en toutes circonstances, s\u2019assurer de la maintenance et de la mise \u00e0 jour r\u00e9guli\u00e8res des \u00e9quipements informatiques, syst\u00e8mes d\u2019exploitation, logiciels anti-virus et navigateurs utilis\u00e9s pour l\u2019acc\u00e8s et la navigation sur le Site Internet.<\/p>\n<p>&nbsp;<\/p>\n<ol start=\"3\">\n<li><strong> <\/strong><strong><u>Protection du Site Internet \u2013 Propri\u00e9t\u00e9 Intellectuelle<\/u><\/strong><\/li>\n<\/ol>\n<p>&nbsp;<\/p>\n<p>Les informations, photographies, illustrations et autres indications pr\u00e9sentes sur le Site Internet concernant les produits, l\u2019activit\u00e9 et\/ou l\u2019actualit\u00e9 de SMD sont fournies \u00e0 titre informatif \u00e0 l\u2019Utilisateur et ne sauraient remplacer ou se substituer int\u00e9gralement aux conseils et informations personnalis\u00e9s susceptibles d\u2019\u00eatre donn\u00e9s \u00e0 l\u2019Utilisateur en contactant directement SMD selon les coordonn\u00e9es susvis\u00e9es.<\/p>\n<p><strong><u>\u00a0<\/u><\/strong><\/p>\n<p>En tout \u00e9tat de cause, les \u00e9l\u00e9ments pr\u00e9sents sur le Site Internet ne sauraient constituer un engagement contractuel, ni une garantie explicite ou implicite, de validit\u00e9, d\u2019exhaustivit\u00e9, d\u2019actualit\u00e9 et\/ou de similitude parfaite avec les Produits de SMD.<\/p>\n<p><strong><u>\u00a0<\/u><\/strong><\/p>\n<p>Les \u00e9ventuels liens hypertextes mis en place en direction d\u2019autres sites ou pages Internet ont fait l\u2019objet d\u2019une autorisation pr\u00e9alable de la part de leurs titulaires. Les liens sont fournis pour la convenance et l\u2019information de l\u2019Utilisateur, SMD n\u2019exer\u00e7ant aucun contr\u00f4le sur ces sites ou pages Internet qui demeurent sous la responsabilit\u00e9 de leurs titulaires.<\/p>\n<p>&nbsp;<\/p>\n<p>Il appartient \u00e0 l\u2019Utilisateur de prendre connaissance des conditions, modalit\u00e9s et limites d\u2019utilisation de chaque site web vers lequel il a \u00e9t\u00e9 redirig\u00e9 avant de proc\u00e9der \u00e0 sa navigation.<\/p>\n<p>&nbsp;<\/p>\n<p>La structure g\u00e9n\u00e9rale du Site Internet, les textes, les donn\u00e9es, les photographies, les images, les illustrations, les logos, les vid\u00e9os, les \u00e9l\u00e9ments graphiques anim\u00e9s ou non, et plus g\u00e9n\u00e9ralement l\u2019ensemble des \u00e9l\u00e9ments qui composent et\/ou sont contenus dans le Site Internet constituent des cr\u00e9ations et \u0153uvres appartenant exclusivement \u00e0 SMD (\u00e0 l\u2019exclusion des \u00e9l\u00e9ments appartenant \u00e0 des tiers), prot\u00e9g\u00e9s ou prot\u00e9geables au sens du Code de la propri\u00e9t\u00e9 intellectuelle fran\u00e7ais et des conventions internationales relatives \u00e0 la propri\u00e9t\u00e9 intellectuelle.<\/p>\n<p>&nbsp;<\/p>\n<p>Le Site Internet, en ce compris tous les \u00e9l\u00e9ments qui le composent, prot\u00e9g\u00e9s ou prot\u00e9geables au sens du Code de la propri\u00e9t\u00e9 intellectuelle fran\u00e7ais et des conventions internationales relatives \u00e0 la propri\u00e9t\u00e9 intellectuelle, ne peuvent pas \u00eatre reproduits, modifi\u00e9s, alt\u00e9r\u00e9s, pr\u00e9sent\u00e9s, distribu\u00e9s et\/ou utilis\u00e9s, \u00e0 quelque fin et dans quelque contexte que ce soient, sauf accord pr\u00e9alable et \u00e9crit de SMD.<\/p>\n<p>&nbsp;<\/p>\n<p>La reproduction d\u2019une page du Site Internet, ou de tout autre \u00e9l\u00e9ment composant le Site Internet, dans un cadre n\u2019appartenant pas et\/ou ne concernant pas SMD, de m\u00eame que l\u2019insertion d\u2019une page du Site Internet, ou de tout autre \u00e9l\u00e9ment le composant, ou encore d\u2019un lien hypertexte de renvoi vers le Site Internet, dans ou depuis la page d\u2019un site tiers est strictement interdite, sauf accord pr\u00e9alable et \u00e9crit de SMD. \u00a0<\/p>\n<p>&nbsp;<\/p>\n<ol start=\"4\">\n<li><strong> <\/strong><strong><u>Responsabilit\u00e9s <\/u><\/strong><\/li>\n<\/ol>\n<p>&nbsp;<\/p>\n<p>En qualit\u00e9 d\u2019\u00e9diteur du Site Internet, la responsabilit\u00e9 de SMD est strictement limit\u00e9e aux contenus qu\u2019elle a elle-m\u00eame \u00e9dit\u00e9s sur le Site Internet. En particulier, la responsabilit\u00e9 de SMD ne saurait \u00eatre recherch\u00e9e, \u00e0 quelque moment et sur quelque fondement juridique que ce soient, en cas :<\/p>\n<p>&nbsp;<\/p>\n<ul>\n<li>de suspension, de limitation et\/ou d\u2019interruption de l\u2019acc\u00e8s et de la navigation sur le Site Internet pour les cas indiqu\u00e9s au point 2 ci-dessus\u00a0;<\/li>\n<\/ul>\n<p>&nbsp;<\/p>\n<ul>\n<li>d\u2019utilisation du Site Internet de fa\u00e7on anormale, illicite et\/ou contraire aux pr\u00e9sentes CGU\u00a0;<\/li>\n<\/ul>\n<p>&nbsp;<\/p>\n<ul>\n<li>de manquement par l\u2019Utilisateur \u00e0 l\u2019une quelconque des clauses des pr\u00e9sentes CGU\u00a0;<\/li>\n<\/ul>\n<p>&nbsp;<\/p>\n<ul>\n<li>de survenance d\u2019un \u00e9v\u00e8nement de force majeure ou de tout autre \u00e9v\u00e8nement plac\u00e9 en dehors du contr\u00f4le de SMD.<\/li>\n<\/ul>\n<p>&nbsp;<\/p>\n<p>Dans le cadre de l\u2019acc\u00e8s et de la navigation sur le Site Internet, l\u2019Utilisateur s\u2019engage \u00e0 respecter scrupuleusement les pr\u00e9sentes CGU.<\/p>\n<p>&nbsp;<\/p>\n<ol start=\"5\">\n<li><strong> <\/strong><strong><u>Politique de confidentialit\u00e9 \u2013 Cookies <\/u><\/strong><\/li>\n<\/ol>\n<p>&nbsp;<\/p>\n<p>SMD a mis en place une Politique de confidentialit\u00e9 relative au respect de la vie priv\u00e9e et des donn\u00e9es personnelles de l\u2019Utilisateur accessible depuis l\u2019onglet sp\u00e9cial et d\u00e9di\u00e9 figurant sur le Site Internet.<\/p>\n<p>&nbsp;<\/p>\n<ol start=\"6\">\n<li><strong> <\/strong><strong><u>Droit applicable \u2013 Diff\u00e9rends <\/u><\/strong><\/li>\n<\/ol>\n<p>&nbsp;<\/p>\n<p>Les pr\u00e9sentes CGU sont r\u00e9gies par les dispositions de la loi fran\u00e7aise, \u00e0 l\u2019exclusion de toute autre l\u00e9gislation et\/ou r\u00e9glementation \u00e9trang\u00e8re, quel que soit le pays dans lequel est implant\u00e9 l\u2019Utilisateur et\/ou depuis lequel s\u2019effectue l\u2019acc\u00e8s au Site Internet.<\/p>\n<p>&nbsp;<\/p>\n<p>Tout litige (contractuel, extracontractuel, d\u00e9lictuel) ayant trait aux pr\u00e9sentes CGU sera, \u00e0 d\u00e9faut de r\u00e8glement amiable, soumis \u00e0 la comp\u00e9tence exclusive des juridictions fran\u00e7aises d\u00e9sign\u00e9es mat\u00e9riellement et territorialement comp\u00e9tentes en application des r\u00e8gles de proc\u00e9dure civile fran\u00e7aises.<\/p>\n<p>[\/et_pb_text][\/et_pb_column][\/et_pb_row][\/et_pb_section]<\/p>","protected":false},"excerpt":{"rendered":"<p>MENTIONS LEGALES &#8211; CONDITIONS GENERALES D\u2019UTILISATION DU SITE INTERNET &nbsp; Les pr\u00e9sentes conditions g\u00e9n\u00e9rales d\u2019utilisation (les \u00ab\u00a0CGU\u00a0\u00bb) ont pour objet de d\u00e9finir et d\u2019encadrer les conditions, modalit\u00e9s et limites d\u2019acc\u00e8s et d\u2019utilisation au site Internet www.dyos.fr (le \u00ab\u00a0Site Internet\u00a0\u00bb) par tout utilisateur (le ou les \u00ab\u00a0Utilisateur(s)\u00a0\u00bb). &nbsp; Le Site Internet a pour objet de pr\u00e9senter [&hellip;]<\/p>","protected":false},"author":11,"featured_media":0,"parent":0,"menu_order":0,"comment_status":"closed","ping_status":"closed","template":"","meta":{"_et_pb_use_builder":"on","_et_pb_old_content":"","_et_gb_content_width":"","footnotes":""},"class_list":["post-3218","page","type-page","status-publish","hentry"],"yoast_head":"<!-- This site is optimized with the Yoast SEO plugin v23.4 - https:\/\/yoast.com\/wordpress\/plugins\/seo\/ -->\n<title>conditions-generales-utilisation - Design Your Own Space<\/title>\n<meta name=\"robots\" content=\"index, follow, max-snippet:-1, max-image-preview:large, max-video-preview:-1\" \/>\n<link rel=\"canonical\" href=\"https:\/\/www.dyos.fr\/en\/conditions-generales-utilisation\/\" \/>\n<meta property=\"og:locale\" content=\"en_US\" \/>\n<meta property=\"og:type\" content=\"article\" \/>\n<meta property=\"og:title\" content=\"conditions-generales-utilisation - Design Your Own Space\" \/>\n<meta property=\"og:description\" content=\"MENTIONS LEGALES - CONDITIONS GENERALES D\u2019UTILISATION DU SITE INTERNET &nbsp; Les pr\u00e9sentes conditions g\u00e9n\u00e9rales d\u2019utilisation (les \u00ab\u00a0CGU\u00a0\u00bb) ont pour objet de d\u00e9finir et d\u2019encadrer les conditions, modalit\u00e9s et limites d\u2019acc\u00e8s et d\u2019utilisation au site Internet www.dyos.fr (le \u00ab\u00a0Site Internet\u00a0\u00bb) par tout utilisateur (le ou les \u00ab\u00a0Utilisateur(s)\u00a0\u00bb). &nbsp; Le Site Internet a pour objet de pr\u00e9senter [&hellip;]\" \/>\n<meta property=\"og:url\" content=\"https:\/\/www.dyos.fr\/en\/conditions-generales-utilisation\/\" \/>\n<meta property=\"og:site_name\" content=\"Design Your Own Space\" \/>\n<meta name=\"twitter:card\" content=\"summary_large_image\" \/>\n<script type=\"application\/ld+json\" class=\"yoast-schema-graph\">{\"@context\":\"https:\/\/schema.org\",\"@graph\":[{\"@type\":\"WebPage\",\"@id\":\"https:\/\/www.dyos.fr\/conditions-generales-utilisation\/\",\"url\":\"https:\/\/www.dyos.fr\/conditions-generales-utilisation\/\",\"name\":\"conditions-generales-utilisation - Design Your Own Space\",\"isPartOf\":{\"@id\":\"https:\/\/www.dyos.fr\/#website\"},\"datePublished\":\"2021-04-11T19:00:24+00:00\",\"dateModified\":\"2021-04-11T19:00:24+00:00\",\"breadcrumb\":{\"@id\":\"https:\/\/www.dyos.fr\/conditions-generales-utilisation\/#breadcrumb\"},\"inLanguage\":\"en-US\",\"potentialAction\":[{\"@type\":\"ReadAction\",\"target\":[\"https:\/\/www.dyos.fr\/conditions-generales-utilisation\/\"]}]},{\"@type\":\"BreadcrumbList\",\"@id\":\"https:\/\/www.dyos.fr\/conditions-generales-utilisation\/#breadcrumb\",\"itemListElement\":[{\"@type\":\"ListItem\",\"position\":1,\"name\":\"Accueil\",\"item\":\"https:\/\/www.dyos.fr\/\"},{\"@type\":\"ListItem\",\"position\":2,\"name\":\"conditions-generales-utilisation\"}]},{\"@type\":\"WebSite\",\"@id\":\"https:\/\/www.dyos.fr\/#website\",\"url\":\"https:\/\/www.dyos.fr\/\",\"name\":\"Design Your Own Space\",\"description\":\"Vous allez en voir de toutes les couleurs !\",\"potentialAction\":[{\"@type\":\"SearchAction\",\"target\":{\"@type\":\"EntryPoint\",\"urlTemplate\":\"https:\/\/www.dyos.fr\/?s={search_term_string}\"},\"query-input\":{\"@type\":\"PropertyValueSpecification\",\"valueRequired\":true,\"valueName\":\"search_term_string\"}}],\"inLanguage\":\"en-US\"}]}<\/script>\n<!-- \/ Yoast SEO plugin. -->","yoast_head_json":{"title":"conditions-generales-utilisation - Design Your Own Space","robots":{"index":"index","follow":"follow","max-snippet":"max-snippet:-1","max-image-preview":"max-image-preview:large","max-video-preview":"max-video-preview:-1"},"canonical":"https:\/\/www.dyos.fr\/en\/conditions-generales-utilisation\/","og_locale":"en_US","og_type":"article","og_title":"conditions-generales-utilisation - Design Your Own Space","og_description":"MENTIONS LEGALES - CONDITIONS GENERALES D\u2019UTILISATION DU SITE INTERNET &nbsp; Les pr\u00e9sentes conditions g\u00e9n\u00e9rales d\u2019utilisation (les \u00ab\u00a0CGU\u00a0\u00bb) ont pour objet de d\u00e9finir et d\u2019encadrer les conditions, modalit\u00e9s et limites d\u2019acc\u00e8s et d\u2019utilisation au site Internet www.dyos.fr (le \u00ab\u00a0Site Internet\u00a0\u00bb) par tout utilisateur (le ou les \u00ab\u00a0Utilisateur(s)\u00a0\u00bb). &nbsp; Le Site Internet a pour objet de pr\u00e9senter [&hellip;]","og_url":"https:\/\/www.dyos.fr\/en\/conditions-generales-utilisation\/","og_site_name":"Design Your Own Space","twitter_card":"summary_large_image","schema":{"@context":"https:\/\/schema.org","@graph":[{"@type":"WebPage","@id":"https:\/\/www.dyos.fr\/conditions-generales-utilisation\/","url":"https:\/\/www.dyos.fr\/conditions-generales-utilisation\/","name":"conditions-generales-utilisation - Design Your Own Space","isPartOf":{"@id":"https:\/\/www.dyos.fr\/#website"},"datePublished":"2021-04-11T19:00:24+00:00","dateModified":"2021-04-11T19:00:24+00:00","breadcrumb":{"@id":"https:\/\/www.dyos.fr\/conditions-generales-utilisation\/#breadcrumb"},"inLanguage":"en-US","potentialAction":[{"@type":"ReadAction","target":["https:\/\/www.dyos.fr\/conditions-generales-utilisation\/"]}]},{"@type":"BreadcrumbList","@id":"https:\/\/www.dyos.fr\/conditions-generales-utilisation\/#breadcrumb","itemListElement":[{"@type":"ListItem","position":1,"name":"Accueil","item":"https:\/\/www.dyos.fr\/"},{"@type":"ListItem","position":2,"name":"conditions-generales-utilisation"}]},{"@type":"WebSite","@id":"https:\/\/www.dyos.fr\/#website","url":"https:\/\/www.dyos.fr\/","name":"Design Your Own Space","description":"Vous allez en voir de toutes les couleurs !","potentialAction":[{"@type":"SearchAction","target":{"@type":"EntryPoint","urlTemplate":"https:\/\/www.dyos.fr\/?s={search_term_string}"},"query-input":{"@type":"PropertyValueSpecification","valueRequired":true,"valueName":"search_term_string"}}],"inLanguage":"en-US"}]}},"_links":{"self":[{"href":"https:\/\/www.dyos.fr\/en\/wp-json\/wp\/v2\/pages\/3218"}],"collection":[{"href":"https:\/\/www.dyos.fr\/en\/wp-json\/wp\/v2\/pages"}],"about":[{"href":"https:\/\/www.dyos.fr\/en\/wp-json\/wp\/v2\/types\/page"}],"author":[{"embeddable":true,"href":"https:\/\/www.dyos.fr\/en\/wp-json\/wp\/v2\/users\/11"}],"replies":[{"embeddable":true,"href":"https:\/\/www.dyos.fr\/en\/wp-json\/wp\/v2\/comments?post=3218"}],"version-history":[{"count":2,"href":"https:\/\/www.dyos.fr\/en\/wp-json\/wp\/v2\/pages\/3218\/revisions"}],"predecessor-version":[{"id":3221,"href":"https:\/\/www.dyos.fr\/en\/wp-json\/wp\/v2\/pages\/3218\/revisions\/3221"}],"wp:attachment":[{"href":"https:\/\/www.dyos.fr\/en\/wp-json\/wp\/v2\/media?parent=3218"}],"curies":[{"name":"wp","href":"https:\/\/api.w.org\/{rel}","templated":true}]}}